
{"id":71,"date":"2023-07-13T22:40:27","date_gmt":"2023-07-13T20:40:27","guid":{"rendered":"http:\/\/play-rugby.com\/?page_id=71"},"modified":"2025-01-22T12:21:11","modified_gmt":"2025-01-22T11:21:11","slug":"play-rugby-le-jeu","status":"publish","type":"page","link":"https:\/\/www.play-rugby.com\/index.php\/play-rugby-le-jeu\/","title":{"rendered":"Nos Produits"},"content":{"rendered":"<h1 style=\"text-align: center;\">*Jeux de Soci\u00e9t\u00e9*<\/h1>\n<p>Le groupe <strong>Play-Sports<\/strong> met \u00e0 votre disposition une gamme de jeux de soci\u00e9t\u00e9 sportifs alliant l\u2019\u00e9ducatif et le p\u00e9dagogique. Ensemble, nous pouvons cr\u00e9er des jeux de soci\u00e9t\u00e9 sur mesure qui vous correspondent<\/p>\n<div class=\"card-wrapper product-card-wrapper underline-links-hover\">\n<div class=\" card card--standard card--media \">\n<div class=\"card__content\"><\/div>\n<\/div>\n<\/div>\n<h1 style=\"text-align: center;\"><em>*Jeux Num\u00e9riques*<\/em><\/h1>\n<p>Nous sommes pr\u00e9sents sur le secteur du jeu digital. Transmettre les valeurs p\u00e9dagogiques du sport est aussi possible en passant par le num\u00e9rique via diff\u00e9rentes applications ludique et \u00e9ducative.<\/p>\n<h1 style=\"text-align: center;\"><em>*Livres &amp; Livres audios*<\/em><\/h1>\n<p>Les valeurs se transmettent d\u00e8s le plus jeune \u00e2ge. C\u2019est pour cela que mettons en place diff\u00e9rents programmes comme les livres afin d\u2019inculquer les valeurs sportives mais aussi la passion de la litt\u00e9rature tout en gardant le plaisir d\u2019apprendre.<\/p>\n<h1 style=\"text-align: center;\">*\u00c9quipementier*<\/h1>\n<p>&nbsp;<\/p>\n<h1 style=\"text-align: center;\"><img loading=\"lazy\" decoding=\"async\" data-attachment-id=\"322\" data-permalink=\"https:\/\/www.play-rugby.com\/index.php\/play-rugby-le-jeu\/pr-players1\/\" data-orig-file=\"https:\/\/i0.wp.com\/www.play-rugby.com\/wp-content\/uploads\/2023\/09\/pr-players1.jpg?fit=1600%2C625&amp;ssl=1\" data-orig-size=\"1600,625\" data-comments-opened=\"1\" data-image-meta=\"{&quot;aperture&quot;:&quot;0&quot;,&quot;credit&quot;:&quot;&quot;,&quot;camera&quot;:&quot;&quot;,&quot;caption&quot;:&quot;&quot;,&quot;created_timestamp&quot;:&quot;0&quot;,&quot;copyright&quot;:&quot;&quot;,&quot;focal_length&quot;:&quot;0&quot;,&quot;iso&quot;:&quot;0&quot;,&quot;shutter_speed&quot;:&quot;0&quot;,&quot;title&quot;:&quot;&quot;,&quot;orientation&quot;:&quot;0&quot;}\" data-image-title=\"pr-players1\" data-image-description=\"\" data-image-caption=\"\" data-medium-file=\"https:\/\/i0.wp.com\/www.play-rugby.com\/wp-content\/uploads\/2023\/09\/pr-players1.jpg?fit=300%2C117&amp;ssl=1\" data-large-file=\"https:\/\/i0.wp.com\/www.play-rugby.com\/wp-content\/uploads\/2023\/09\/pr-players1.jpg?fit=910%2C355&amp;ssl=1\" class=\"aligncenter wp-image-322 size-large\" src=\"https:\/\/i0.wp.com\/play-rugby.com\/wp-content\/uploads\/2023\/09\/pr-players1-1024x400.jpg?resize=910%2C355\" alt=\"\" width=\"910\" height=\"355\" srcset=\"https:\/\/i0.wp.com\/www.play-rugby.com\/wp-content\/uploads\/2023\/09\/pr-players1.jpg?resize=1024%2C400&amp;ssl=1 1024w, https:\/\/i0.wp.com\/www.play-rugby.com\/wp-content\/uploads\/2023\/09\/pr-players1.jpg?resize=300%2C117&amp;ssl=1 300w, https:\/\/i0.wp.com\/www.play-rugby.com\/wp-content\/uploads\/2023\/09\/pr-players1.jpg?resize=768%2C300&amp;ssl=1 768w, https:\/\/i0.wp.com\/www.play-rugby.com\/wp-content\/uploads\/2023\/09\/pr-players1.jpg?resize=1536%2C600&amp;ssl=1 1536w, https:\/\/i0.wp.com\/www.play-rugby.com\/wp-content\/uploads\/2023\/09\/pr-players1.jpg?resize=600%2C234&amp;ssl=1 600w, https:\/\/i0.wp.com\/www.play-rugby.com\/wp-content\/uploads\/2023\/09\/pr-players1.jpg?w=1600&amp;ssl=1 1600w\" sizes=\"auto, (max-width: 910px) 100vw, 910px\" data-recalc-dims=\"1\" \/><\/h1>\n<p>Play Sports est un \u00e9quipementier sportif, autant pour les clubs, les athl\u00e8tes, les f\u00e9d\u00e9rations et diverses autres entreprises. Nous mettons \u00e0 disposition plusieurs gammes de produits afin de convenir \u00e0 chacun. Le groupe vous \u00e9quipera de la t\u00eate au pied ainsi que vos accessoires, en respectant les besoins et envies de chacun.<\/p>\n<p><a href=\"https:\/\/i0.wp.com\/play-rugby.com\/wp-content\/uploads\/2023\/09\/pr-activities.jpg\"><img loading=\"lazy\" decoding=\"async\" data-attachment-id=\"324\" data-permalink=\"https:\/\/www.play-rugby.com\/index.php\/play-sports-shop\/pr-activities\/\" data-orig-file=\"https:\/\/i0.wp.com\/www.play-rugby.com\/wp-content\/uploads\/2023\/09\/pr-activities.jpg?fit=1600%2C625&amp;ssl=1\" data-orig-size=\"1600,625\" data-comments-opened=\"1\" data-image-meta=\"{&quot;aperture&quot;:&quot;0&quot;,&quot;credit&quot;:&quot;&quot;,&quot;camera&quot;:&quot;&quot;,&quot;caption&quot;:&quot;&quot;,&quot;created_timestamp&quot;:&quot;0&quot;,&quot;copyright&quot;:&quot;&quot;,&quot;focal_length&quot;:&quot;0&quot;,&quot;iso&quot;:&quot;0&quot;,&quot;shutter_speed&quot;:&quot;0&quot;,&quot;title&quot;:&quot;&quot;,&quot;orientation&quot;:&quot;0&quot;}\" data-image-title=\"pr-activities\" data-image-description=\"\" data-image-caption=\"\" data-medium-file=\"https:\/\/i0.wp.com\/www.play-rugby.com\/wp-content\/uploads\/2023\/09\/pr-activities.jpg?fit=300%2C117&amp;ssl=1\" data-large-file=\"https:\/\/i0.wp.com\/www.play-rugby.com\/wp-content\/uploads\/2023\/09\/pr-activities.jpg?fit=910%2C355&amp;ssl=1\" class=\"aligncenter wp-image-324 size-large\" src=\"https:\/\/i0.wp.com\/play-rugby.com\/wp-content\/uploads\/2023\/09\/pr-activities-1024x400.jpg?resize=910%2C355\" alt=\"\" width=\"910\" height=\"355\" srcset=\"https:\/\/i0.wp.com\/www.play-rugby.com\/wp-content\/uploads\/2023\/09\/pr-activities.jpg?resize=1024%2C400&amp;ssl=1 1024w, https:\/\/i0.wp.com\/www.play-rugby.com\/wp-content\/uploads\/2023\/09\/pr-activities.jpg?resize=300%2C117&amp;ssl=1 300w, https:\/\/i0.wp.com\/www.play-rugby.com\/wp-content\/uploads\/2023\/09\/pr-activities.jpg?resize=768%2C300&amp;ssl=1 768w, https:\/\/i0.wp.com\/www.play-rugby.com\/wp-content\/uploads\/2023\/09\/pr-activities.jpg?resize=1536%2C600&amp;ssl=1 1536w, https:\/\/i0.wp.com\/www.play-rugby.com\/wp-content\/uploads\/2023\/09\/pr-activities.jpg?resize=600%2C234&amp;ssl=1 600w, https:\/\/i0.wp.com\/www.play-rugby.com\/wp-content\/uploads\/2023\/09\/pr-activities.jpg?w=1600&amp;ssl=1 1600w\" sizes=\"auto, (max-width: 910px) 100vw, 910px\" data-recalc-dims=\"1\" \/><\/a><\/p>\n<h1 style=\"text-align: center;\"><strong>*Animation (Location\/Vente)*<\/strong><\/h1>\n<p>Gr\u00e2ce \u00e0 notre pr\u00e9sence dans le milieu sportif en g\u00e9n\u00e9ral depuis plusieurs ann\u00e9es, nous avons d\u00e9velopp\u00e9 la location et la vente de structures m\u00e9caniques et gonflables afin de r\u00e9pondre \u00e0 une demande de nos partenaires.<br \/>\nUn large choix est disponible pour diff\u00e9rentes manifestations ou \u00e9v\u00e9nements sportifs<\/p>\n<p>&nbsp;<\/p>\n<p style=\"text-align: center;\"><a href=\"https:\/\/i0.wp.com\/play-rugby.com\/wp-content\/uploads\/2023\/07\/carte_monaco_site_memo_playrugby-1.jpg-1.jpg\"><img loading=\"lazy\" decoding=\"async\" data-attachment-id=\"163\" data-permalink=\"https:\/\/www.play-rugby.com\/index.php\/play-rugby-le-jeu\/carte_monaco_site_memo_playrugby-jpg-2\/\" data-orig-file=\"https:\/\/i0.wp.com\/www.play-rugby.com\/wp-content\/uploads\/2023\/07\/carte_monaco_site_memo_playrugby-1.jpg-1.jpg?fit=1000%2C1000&amp;ssl=1\" data-orig-size=\"1000,1000\" data-comments-opened=\"1\" data-image-meta=\"{&quot;aperture&quot;:&quot;0&quot;,&quot;credit&quot;:&quot;&quot;,&quot;camera&quot;:&quot;&quot;,&quot;caption&quot;:&quot;&quot;,&quot;created_timestamp&quot;:&quot;0&quot;,&quot;copyright&quot;:&quot;&quot;,&quot;focal_length&quot;:&quot;0&quot;,&quot;iso&quot;:&quot;0&quot;,&quot;shutter_speed&quot;:&quot;0&quot;,&quot;title&quot;:&quot;&quot;,&quot;orientation&quot;:&quot;0&quot;}\" data-image-title=\"carte_monaco_site_memo_playrugby.jpg\" data-image-description=\"\" data-image-caption=\"\" data-medium-file=\"https:\/\/i0.wp.com\/www.play-rugby.com\/wp-content\/uploads\/2023\/07\/carte_monaco_site_memo_playrugby-1.jpg-1.jpg?fit=300%2C300&amp;ssl=1\" data-large-file=\"https:\/\/i0.wp.com\/www.play-rugby.com\/wp-content\/uploads\/2023\/07\/carte_monaco_site_memo_playrugby-1.jpg-1.jpg?fit=910%2C910&amp;ssl=1\" class=\"aligncenter size-medium wp-image-163\" src=\"https:\/\/i0.wp.com\/play-rugby.com\/wp-content\/uploads\/2023\/07\/carte_monaco_site_memo_playrugby-1.jpg-1-300x300.jpg?resize=300%2C300\" alt=\"\" width=\"300\" height=\"300\" srcset=\"https:\/\/i0.wp.com\/www.play-rugby.com\/wp-content\/uploads\/2023\/07\/carte_monaco_site_memo_playrugby-1.jpg-1.jpg?resize=300%2C300&amp;ssl=1 300w, https:\/\/i0.wp.com\/www.play-rugby.com\/wp-content\/uploads\/2023\/07\/carte_monaco_site_memo_playrugby-1.jpg-1.jpg?resize=150%2C150&amp;ssl=1 150w, https:\/\/i0.wp.com\/www.play-rugby.com\/wp-content\/uploads\/2023\/07\/carte_monaco_site_memo_playrugby-1.jpg-1.jpg?resize=768%2C768&amp;ssl=1 768w, https:\/\/i0.wp.com\/www.play-rugby.com\/wp-content\/uploads\/2023\/07\/carte_monaco_site_memo_playrugby-1.jpg-1.jpg?resize=600%2C600&amp;ssl=1 600w, https:\/\/i0.wp.com\/www.play-rugby.com\/wp-content\/uploads\/2023\/07\/carte_monaco_site_memo_playrugby-1.jpg-1.jpg?resize=100%2C100&amp;ssl=1 100w, https:\/\/i0.wp.com\/www.play-rugby.com\/wp-content\/uploads\/2023\/07\/carte_monaco_site_memo_playrugby-1.jpg-1.jpg?w=1000&amp;ssl=1 1000w\" sizes=\"auto, (max-width: 300px) 100vw, 300px\" data-recalc-dims=\"1\" \/><\/a><\/p>\n<h1 style=\"text-align: center;\"><\/h1>\n","protected":false},"excerpt":{"rendered":"<p>*Jeux de Soci\u00e9t\u00e9* Le groupe Play-Sports met \u00e0 votre disposition une gamme de jeux de soci\u00e9t\u00e9 sportifs alliant l\u2019\u00e9ducatif et le p\u00e9dagogique. Ensemble, nous pouvons cr\u00e9er des jeux de soci\u00e9t\u00e9<\/p>\n","protected":false},"author":2,"featured_media":335,"parent":0,"menu_order":0,"comment_status":"closed","ping_status":"closed","template":"","meta":{"jetpack_post_was_ever_published":false,"footnotes":""},"class_list":["post-71","page","type-page","status-publish","has-post-thumbnail","hentry","comments-off"],"_links":{"self":[{"href":"https:\/\/www.play-rugby.com\/index.php\/wp-json\/wp\/v2\/pages\/71","targetHints":{"allow":["GET"]}}],"collection":[{"href":"https:\/\/www.play-rugby.com\/index.php\/wp-json\/wp\/v2\/pages"}],"about":[{"href":"https:\/\/www.play-rugby.com\/index.php\/wp-json\/wp\/v2\/types\/page"}],"author":[{"embeddable":true,"href":"https:\/\/www.play-rugby.com\/index.php\/wp-json\/wp\/v2\/users\/2"}],"replies":[{"embeddable":true,"href":"https:\/\/www.play-rugby.com\/index.php\/wp-json\/wp\/v2\/comments?post=71"}],"version-history":[{"count":35,"href":"https:\/\/www.play-rugby.com\/index.php\/wp-json\/wp\/v2\/pages\/71\/revisions"}],"predecessor-version":[{"id":528,"href":"https:\/\/www.play-rugby.com\/index.php\/wp-json\/wp\/v2\/pages\/71\/revisions\/528"}],"wp:featuredmedia":[{"embeddable":true,"href":"https:\/\/www.play-rugby.com\/index.php\/wp-json\/wp\/v2\/media\/335"}],"wp:attachment":[{"href":"https:\/\/www.play-rugby.com\/index.php\/wp-json\/wp\/v2\/media?parent=71"}],"curies":[{"name":"wp","href":"https:\/\/api.w.org\/{rel}","templated":true}]}}