
{"id":63,"date":"2023-07-13T22:30:34","date_gmt":"2023-07-13T20:30:34","guid":{"rendered":"http:\/\/play-rugby.com\/?page_id=63"},"modified":"2025-02-23T21:51:00","modified_gmt":"2025-02-23T20:51:00","slug":"play-sport-cest-quoi","status":"publish","type":"page","link":"https:\/\/www.play-rugby.com\/index.php\/play-sport-cest-quoi\/","title":{"rendered":"Play-Sports, c&#8217;est quoi?"},"content":{"rendered":"<blockquote>\n<h1 style=\"text-align: center;\">BIEN PLUS QUE DU SPORT<\/h1>\n<\/blockquote>\n<p>Le <a href=\"https:\/\/play-sports.world\/\"><strong>Groupe Play-Sports<\/strong><\/a> se positionne comme un vecteur de coh\u00e9sion sociale au sein des territoires et soci\u00e9t\u00e9s, tout en permettant \u00abd\u2019apprendre en s\u2019amusant\u00bb, par le biais de nos valeurs de service, de convivialit\u00e9, d\u2019int\u00e9gration inconditionnelle, de plaisir et de responsabilit\u00e9.<\/p>\n<p>Play-Sports allie exp\u00e9rience et savoir-faire autour d\u2019outils p\u00e9dagogiques simples et ludiques : <strong>le jeu de soci\u00e9t\u00e9 et la pratique multi-sportive<\/strong>.<\/p>\n<p>L\u2019objectif du groupe est de r\u00e9duire les st\u00e9r\u00e9otypes et les ph\u00e9nom\u00e8nes d\u2019exclusions sociales par le contact humain. Cela permet aux joueurs de d\u00e9couvrir les r\u00e8gles, la logique et l\u2019esprit d\u2019un sport autour d\u2019une table.<\/p>\n<blockquote>\n<h1 style=\"text-align: center;\"><strong>APPRENDRE PAR LE JEU<\/strong><\/h1>\n<\/blockquote>\n<p>Chez <strong>Play-Sports<\/strong>, nous abordons le sport de mani\u00e8re p\u00e9dagogique autour d\u2019une table afin d\u2019apprendre le vocabulaire, la gestuelle, les r\u00e8gles et les tactiques des diff\u00e9rentes pratiques.<\/p>\n<p>Nous allions exp\u00e9rience et savoir-faire autour d\u2019outils p\u00e9dagogiques simples et ludiques : le jeu de soci\u00e9t\u00e9 et la pratique multi-sportive.\u00a0Nos collections de jeux de cartes et de plateaux sont accessibles \u00e0 tout le monde d\u00e8s le plus jeune \u00e2ge.<\/p>\n<p>Nos jeux sont bilingues fran\u00e7ais\/anglais et permettent ainsi l\u2019approche d&#8217;une langue \u00e9trang\u00e8re devenue essentielle dans notre soci\u00e9t\u00e9, favorisant le d\u00e9veloppement de la m\u00e9moire, de la coop\u00e9ration, de l\u2019\u00e9coute, du Fair Play, de la tactique et du QI sportif.<\/p>\n<p style=\"text-align: center;\"><a href=\"https:\/\/play-sports.world\/\"><img loading=\"lazy\" decoding=\"async\" data-attachment-id=\"192\" data-permalink=\"https:\/\/www.play-rugby.com\/index.php\/play-sport-cest-quoi\/2023-07-16-15_45_25-accueil-play-sports\/\" data-orig-file=\"https:\/\/i0.wp.com\/www.play-rugby.com\/wp-content\/uploads\/2023\/07\/2023-07-16-15_45_25-Accueil-Play-Sports.jpg?fit=1847%2C776&amp;ssl=1\" data-orig-size=\"1847,776\" data-comments-opened=\"1\" data-image-meta=\"{&quot;aperture&quot;:&quot;0&quot;,&quot;credit&quot;:&quot;&quot;,&quot;camera&quot;:&quot;&quot;,&quot;caption&quot;:&quot;&quot;,&quot;created_timestamp&quot;:&quot;0&quot;,&quot;copyright&quot;:&quot;&quot;,&quot;focal_length&quot;:&quot;0&quot;,&quot;iso&quot;:&quot;0&quot;,&quot;shutter_speed&quot;:&quot;0&quot;,&quot;title&quot;:&quot;&quot;,&quot;orientation&quot;:&quot;0&quot;}\" data-image-title=\"2023-07-16 15_45_25-Accueil &amp;#8211; Play Sports\" data-image-description=\"\" data-image-caption=\"\" data-medium-file=\"https:\/\/i0.wp.com\/www.play-rugby.com\/wp-content\/uploads\/2023\/07\/2023-07-16-15_45_25-Accueil-Play-Sports.jpg?fit=300%2C126&amp;ssl=1\" data-large-file=\"https:\/\/i0.wp.com\/www.play-rugby.com\/wp-content\/uploads\/2023\/07\/2023-07-16-15_45_25-Accueil-Play-Sports.jpg?fit=910%2C382&amp;ssl=1\" class=\"aligncenter wp-image-192 size-large\" src=\"https:\/\/i0.wp.com\/play-rugby.com\/wp-content\/uploads\/2023\/07\/2023-07-16-15_45_25-Accueil-Play-Sports-1024x430.jpg?resize=800%2C336\" alt=\"\" width=\"800\" height=\"336\" srcset=\"https:\/\/i0.wp.com\/www.play-rugby.com\/wp-content\/uploads\/2023\/07\/2023-07-16-15_45_25-Accueil-Play-Sports.jpg?resize=1024%2C430&amp;ssl=1 1024w, https:\/\/i0.wp.com\/www.play-rugby.com\/wp-content\/uploads\/2023\/07\/2023-07-16-15_45_25-Accueil-Play-Sports.jpg?resize=300%2C126&amp;ssl=1 300w, https:\/\/i0.wp.com\/www.play-rugby.com\/wp-content\/uploads\/2023\/07\/2023-07-16-15_45_25-Accueil-Play-Sports.jpg?resize=768%2C323&amp;ssl=1 768w, https:\/\/i0.wp.com\/www.play-rugby.com\/wp-content\/uploads\/2023\/07\/2023-07-16-15_45_25-Accueil-Play-Sports.jpg?resize=1536%2C645&amp;ssl=1 1536w, https:\/\/i0.wp.com\/www.play-rugby.com\/wp-content\/uploads\/2023\/07\/2023-07-16-15_45_25-Accueil-Play-Sports.jpg?resize=600%2C252&amp;ssl=1 600w, https:\/\/i0.wp.com\/www.play-rugby.com\/wp-content\/uploads\/2023\/07\/2023-07-16-15_45_25-Accueil-Play-Sports.jpg?w=1847&amp;ssl=1 1847w\" sizes=\"auto, (max-width: 800px) 100vw, 800px\" data-recalc-dims=\"1\" \/><\/a><\/p>\n<p>&nbsp;<\/p>\n<figure><\/figure>\n<blockquote>\n<h1 style=\"text-align: center;\">LE FONDATEUR DE PLAY-RUBGY<\/h1>\n<\/blockquote>\n<p><strong>Nicolas Fabre<\/strong> est un joueur de rugby qui a commenc\u00e9 \u00e0 jouer \u00e0 l\u2019\u00e2ge de 16 ans au R.C. Brignoles dans le Var, en France. Il s\u2019est form\u00e9 au R.C.H \u00e0 Hy\u00e8res et a \u00e9t\u00e9 s\u00e9lectionn\u00e9 pendant trois ans pour la r\u00e9gion PACA.<\/p>\n<p>Apr\u00e8s avoir int\u00e9gr\u00e9 le centre de formation du R.C.N.M \u00e0 Narbonne, alors qu\u2019il r\u00e9alisait son r\u00eave en int\u00e9grant l\u2019\u00e9quipe premi\u00e8re, il a \u00e9t\u00e9 hospitalis\u00e9 et contraint de rester en fauteuil roulant, puis de se reposer pendant 1 an en raison d\u2019une blessure \u00e0 l\u2019entra\u00eenement.<\/p>\n<p>\u00c0 la suite de cela, il a entam\u00e9 un long parcours de r\u00e9\u00e9ducation en passant par le CERS et a jou\u00e9 dans plusieurs clubs en France. En rejoignant l\u2019A.J.R.A cr\u00e9\u00e9 par Morad Kellal, il a particip\u00e9 aux premiers matchs de l\u2019histoire de la s\u00e9lection d\u2019Alg\u00e9rie et a contribu\u00e9 au d\u00e9veloppement du rugby en Alg\u00e9rie en tant que formateur.<\/p>\n<p>En 2015, il a \u00e9t\u00e9 pr\u00e9sident du Rugby Club Centre Var pendant deux ans.<\/p>\n<p>Ses voyages professionnels lui ont permis de d\u00e9couvrir de nombreux pays en Europe, en Am\u00e9rique du Nord et en Afrique.<\/p>\n<p>En plus de sa carri\u00e8re de joueur, il a travaill\u00e9 comme journaliste et a obtenu ses dipl\u00f4mes d\u2019\u00c9ducateur et d\u2019Entra\u00eeneur.<\/p>\n<blockquote>\n<h1 style=\"text-align: center;\">NAISSANCE DE PLAY-RUGBY<\/h1>\n<\/blockquote>\n<p>Nicolas a cr\u00e9\u00e9 en 2008 son propre jeu de plateau qui a pour but de favoriser l\u2019apprentissage du rugby d\u00e8s le plus jeune \u00e2ge, de permettre \u00e0 tous les passionn\u00e9s, handicap\u00e9s ou valides, de jouer ensemble et d\u2019\u00e9changer.<\/p>\n<blockquote>\n<h1 style=\"text-align: center;\">contact@play-sports.fr<\/h1>\n<p style=\"text-align: center;\"><strong>Suivez-nous sur:<\/strong><\/p>\n<p style=\"text-align: center;\"><strong><a href=\"https:\/\/www.instagram.com\/playsportsasl\/\">Instagram<\/a><br \/>\n<a href=\"https:\/\/www.facebook.com\/playsportsasl\">Facebook<\/a><\/strong><\/p>\n<h1 style=\"text-align: center;\">PlaySportsFun<\/h1>\n<p style=\"text-align: center;\"><strong>E-mail: animation@play-sports.world &#8211; Tel: 06 69 50 51 91<\/strong><\/p>\n<\/blockquote>\n","protected":false},"excerpt":{"rendered":"<p>BIEN PLUS QUE DU SPORT Le Groupe Play-Sports se positionne comme un vecteur de coh\u00e9sion sociale au sein des territoires et soci\u00e9t\u00e9s, tout en permettant \u00abd\u2019apprendre en s\u2019amusant\u00bb, par le<\/p>\n","protected":false},"author":2,"featured_media":266,"parent":0,"menu_order":0,"comment_status":"closed","ping_status":"closed","template":"","meta":{"jetpack_post_was_ever_published":false,"footnotes":""},"class_list":["post-63","page","type-page","status-publish","has-post-thumbnail","hentry","comments-off"],"_links":{"self":[{"href":"https:\/\/www.play-rugby.com\/index.php\/wp-json\/wp\/v2\/pages\/63","targetHints":{"allow":["GET"]}}],"collection":[{"href":"https:\/\/www.play-rugby.com\/index.php\/wp-json\/wp\/v2\/pages"}],"about":[{"href":"https:\/\/www.play-rugby.com\/index.php\/wp-json\/wp\/v2\/types\/page"}],"author":[{"embeddable":true,"href":"https:\/\/www.play-rugby.com\/index.php\/wp-json\/wp\/v2\/users\/2"}],"replies":[{"embeddable":true,"href":"https:\/\/www.play-rugby.com\/index.php\/wp-json\/wp\/v2\/comments?post=63"}],"version-history":[{"count":14,"href":"https:\/\/www.play-rugby.com\/index.php\/wp-json\/wp\/v2\/pages\/63\/revisions"}],"predecessor-version":[{"id":542,"href":"https:\/\/www.play-rugby.com\/index.php\/wp-json\/wp\/v2\/pages\/63\/revisions\/542"}],"wp:featuredmedia":[{"embeddable":true,"href":"https:\/\/www.play-rugby.com\/index.php\/wp-json\/wp\/v2\/media\/266"}],"wp:attachment":[{"href":"https:\/\/www.play-rugby.com\/index.php\/wp-json\/wp\/v2\/media?parent=63"}],"curies":[{"name":"wp","href":"https:\/\/api.w.org\/{rel}","templated":true}]}}