
{"id":13,"date":"2023-06-23T13:54:58","date_gmt":"2023-06-23T11:54:58","guid":{"rendered":"http:\/\/play-rugby.com\/?page_id=13"},"modified":"2025-09-17T23:58:58","modified_gmt":"2025-09-17T21:58:58","slug":"home","status":"publish","type":"page","link":"https:\/\/www.play-rugby.com\/","title":{"rendered":""},"content":{"rendered":"\r\n\r\n\r\n<div class=\"su-row\"><div class=\"su-column su-column-size-1-2\"><div class=\"su-column-inner su-u-clearfix su-u-trim\">\r\n<p><strong><a href=\"https:\/\/i0.wp.com\/play-rugby.com\/wp-content\/uploads\/2023\/09\/2023-07-14-17_02_10-presentationgenerale_040510.pdf-Foxit-PDF-Editor.jpg\"><img loading=\"lazy\" decoding=\"async\" data-attachment-id=\"336\" data-permalink=\"https:\/\/www.play-rugby.com\/index.php\/home\/2023-07-14-17_02_10-presentationgenerale_040510-pdf-foxit-pdf-editor\/\" data-orig-file=\"https:\/\/i0.wp.com\/www.play-rugby.com\/wp-content\/uploads\/2023\/09\/2023-07-14-17_02_10-presentationgenerale_040510.pdf-Foxit-PDF-Editor.jpg?fit=311%2C592&amp;ssl=1\" data-orig-size=\"311,592\" data-comments-opened=\"1\" data-image-meta=\"{&quot;aperture&quot;:&quot;0&quot;,&quot;credit&quot;:&quot;&quot;,&quot;camera&quot;:&quot;&quot;,&quot;caption&quot;:&quot;&quot;,&quot;created_timestamp&quot;:&quot;0&quot;,&quot;copyright&quot;:&quot;&quot;,&quot;focal_length&quot;:&quot;0&quot;,&quot;iso&quot;:&quot;0&quot;,&quot;shutter_speed&quot;:&quot;0&quot;,&quot;title&quot;:&quot;&quot;,&quot;orientation&quot;:&quot;0&quot;}\" data-image-title=\"2023-07-14 17_02_10-presentationgenerale_040510.pdf &amp;#8211; Foxit PDF Editor\" data-image-description=\"\" data-image-caption=\"\" data-medium-file=\"https:\/\/i0.wp.com\/www.play-rugby.com\/wp-content\/uploads\/2023\/09\/2023-07-14-17_02_10-presentationgenerale_040510.pdf-Foxit-PDF-Editor.jpg?fit=158%2C300&amp;ssl=1\" data-large-file=\"https:\/\/i0.wp.com\/www.play-rugby.com\/wp-content\/uploads\/2023\/09\/2023-07-14-17_02_10-presentationgenerale_040510.pdf-Foxit-PDF-Editor.jpg?fit=311%2C592&amp;ssl=1\" class=\"alignleft wp-image-336 size-medium\" src=\"https:\/\/i0.wp.com\/play-rugby.com\/wp-content\/uploads\/2023\/09\/2023-07-14-17_02_10-presentationgenerale_040510.pdf-Foxit-PDF-Editor-158x300.jpg?resize=158%2C300\" alt=\"\" width=\"158\" height=\"300\" srcset=\"https:\/\/i0.wp.com\/www.play-rugby.com\/wp-content\/uploads\/2023\/09\/2023-07-14-17_02_10-presentationgenerale_040510.pdf-Foxit-PDF-Editor.jpg?resize=158%2C300&amp;ssl=1 158w, https:\/\/i0.wp.com\/www.play-rugby.com\/wp-content\/uploads\/2023\/09\/2023-07-14-17_02_10-presentationgenerale_040510.pdf-Foxit-PDF-Editor.jpg?w=311&amp;ssl=1 311w\" sizes=\"auto, (max-width: 158px) 100vw, 158px\" data-recalc-dims=\"1\" \/><\/a>Bienvenue chez Play Rugby<\/strong>, la marque qui a d\u00e9but\u00e9 en 2008 avec des jeux de soci\u00e9t\u00e9 et qui s&#8217;est depuis d\u00e9velopp\u00e9e en tant qu&#8217;\u00e9quipementier et cr\u00e9ateur d&#8217;\u00e9v\u00e9nements. Notre passion pour le rugby est au c\u0153ur de tout ce que nous faisons, et nous mettons un point d&#8217;honneur \u00e0 partager cette passion avec tous et toutes.<\/p>\r\n<p>Que vous soyez un fan de longue date ou un novice curieux, Play Rugby vous invite \u00e0 rejoindre notre communaut\u00e9 passionn\u00e9e et \u00e0 d\u00e9couvrir l&#8217;univers du rugby d&#8217;une mani\u00e8re ludique et captivante. Pr\u00e9parez-vous \u00e0 vivre des moments inoubliables, \u00e0 d\u00e9velopper vos comp\u00e9tences et \u00e0 cr\u00e9er d\u2019excellents souvenirs.<\/p>\r\n<p>Nous sommes fiers de notre engagement \u00e0 rendre le rugby accessible \u00e0 tous et \u00e0 toutes, et nous esp\u00e9rons que vous vous joindrez \u00e0 nous dans cette aventure.\u00a0<\/p>\r\n<p><a href=\"https:\/\/i0.wp.com\/play-rugby.com\/wp-content\/uploads\/2023\/09\/3f795a7a-6158-404d-b270-e068a3753a37.jpeg\"><img loading=\"lazy\" decoding=\"async\" data-attachment-id=\"294\" data-permalink=\"https:\/\/www.play-rugby.com\/index.php\/home\/3f795a7a-6158-404d-b270-e068a3753a37\/\" data-orig-file=\"https:\/\/i0.wp.com\/www.play-rugby.com\/wp-content\/uploads\/2023\/09\/3f795a7a-6158-404d-b270-e068a3753a37.jpeg?fit=1000%2C1000&amp;ssl=1\" data-orig-size=\"1000,1000\" data-comments-opened=\"1\" data-image-meta=\"{&quot;aperture&quot;:&quot;0&quot;,&quot;credit&quot;:&quot;&quot;,&quot;camera&quot;:&quot;&quot;,&quot;caption&quot;:&quot;&quot;,&quot;created_timestamp&quot;:&quot;0&quot;,&quot;copyright&quot;:&quot;&quot;,&quot;focal_length&quot;:&quot;0&quot;,&quot;iso&quot;:&quot;0&quot;,&quot;shutter_speed&quot;:&quot;0&quot;,&quot;title&quot;:&quot;&quot;,&quot;orientation&quot;:&quot;0&quot;}\" data-image-title=\"3f795a7a-6158-404d-b270-e068a3753a37\" data-image-description=\"\" data-image-caption=\"\" data-medium-file=\"https:\/\/i0.wp.com\/www.play-rugby.com\/wp-content\/uploads\/2023\/09\/3f795a7a-6158-404d-b270-e068a3753a37.jpeg?fit=300%2C300&amp;ssl=1\" data-large-file=\"https:\/\/i0.wp.com\/www.play-rugby.com\/wp-content\/uploads\/2023\/09\/3f795a7a-6158-404d-b270-e068a3753a37.jpeg?fit=910%2C910&amp;ssl=1\" class=\"aligncenter size-medium wp-image-294\" src=\"https:\/\/i0.wp.com\/play-rugby.com\/wp-content\/uploads\/2023\/09\/3f795a7a-6158-404d-b270-e068a3753a37-300x300.jpeg?resize=300%2C300\" alt=\"\" width=\"300\" height=\"300\" srcset=\"https:\/\/i0.wp.com\/www.play-rugby.com\/wp-content\/uploads\/2023\/09\/3f795a7a-6158-404d-b270-e068a3753a37.jpeg?resize=300%2C300&amp;ssl=1 300w, https:\/\/i0.wp.com\/www.play-rugby.com\/wp-content\/uploads\/2023\/09\/3f795a7a-6158-404d-b270-e068a3753a37.jpeg?resize=150%2C150&amp;ssl=1 150w, https:\/\/i0.wp.com\/www.play-rugby.com\/wp-content\/uploads\/2023\/09\/3f795a7a-6158-404d-b270-e068a3753a37.jpeg?resize=768%2C768&amp;ssl=1 768w, https:\/\/i0.wp.com\/www.play-rugby.com\/wp-content\/uploads\/2023\/09\/3f795a7a-6158-404d-b270-e068a3753a37.jpeg?resize=600%2C600&amp;ssl=1 600w, https:\/\/i0.wp.com\/www.play-rugby.com\/wp-content\/uploads\/2023\/09\/3f795a7a-6158-404d-b270-e068a3753a37.jpeg?resize=100%2C100&amp;ssl=1 100w, https:\/\/i0.wp.com\/www.play-rugby.com\/wp-content\/uploads\/2023\/09\/3f795a7a-6158-404d-b270-e068a3753a37.jpeg?w=1000&amp;ssl=1 1000w\" sizes=\"auto, (max-width: 300px) 100vw, 300px\" data-recalc-dims=\"1\" \/><\/a><\/p>\r\n<\/div><\/div>\r\n<div class=\"su-column su-column-size-1-2\"><div class=\"su-column-inner su-u-clearfix su-u-trim\">\r\n<p><a href=\"https:\/\/i0.wp.com\/play-rugby.com\/wp-content\/uploads\/2023\/09\/fa4ce4ea-204e-4ca6-bb00-c936aea60fe4.jpeg\"><img loading=\"lazy\" decoding=\"async\" data-attachment-id=\"296\" data-permalink=\"https:\/\/www.play-rugby.com\/index.php\/home\/fa4ce4ea-204e-4ca6-bb00-c936aea60fe4\/\" data-orig-file=\"https:\/\/i0.wp.com\/www.play-rugby.com\/wp-content\/uploads\/2023\/09\/fa4ce4ea-204e-4ca6-bb00-c936aea60fe4.jpeg?fit=1000%2C1000&amp;ssl=1\" data-orig-size=\"1000,1000\" data-comments-opened=\"1\" data-image-meta=\"{&quot;aperture&quot;:&quot;0&quot;,&quot;credit&quot;:&quot;&quot;,&quot;camera&quot;:&quot;&quot;,&quot;caption&quot;:&quot;&quot;,&quot;created_timestamp&quot;:&quot;0&quot;,&quot;copyright&quot;:&quot;&quot;,&quot;focal_length&quot;:&quot;0&quot;,&quot;iso&quot;:&quot;0&quot;,&quot;shutter_speed&quot;:&quot;0&quot;,&quot;title&quot;:&quot;&quot;,&quot;orientation&quot;:&quot;0&quot;}\" data-image-title=\"fa4ce4ea-204e-4ca6-bb00-c936aea60fe4\" data-image-description=\"\" data-image-caption=\"\" data-medium-file=\"https:\/\/i0.wp.com\/www.play-rugby.com\/wp-content\/uploads\/2023\/09\/fa4ce4ea-204e-4ca6-bb00-c936aea60fe4.jpeg?fit=300%2C300&amp;ssl=1\" data-large-file=\"https:\/\/i0.wp.com\/www.play-rugby.com\/wp-content\/uploads\/2023\/09\/fa4ce4ea-204e-4ca6-bb00-c936aea60fe4.jpeg?fit=910%2C910&amp;ssl=1\" class=\"aligncenter wp-image-296 size-medium\" src=\"https:\/\/i0.wp.com\/play-rugby.com\/wp-content\/uploads\/2023\/09\/fa4ce4ea-204e-4ca6-bb00-c936aea60fe4-300x300.jpeg?resize=300%2C300\" alt=\"\" width=\"300\" height=\"300\" srcset=\"https:\/\/i0.wp.com\/www.play-rugby.com\/wp-content\/uploads\/2023\/09\/fa4ce4ea-204e-4ca6-bb00-c936aea60fe4.jpeg?resize=300%2C300&amp;ssl=1 300w, https:\/\/i0.wp.com\/www.play-rugby.com\/wp-content\/uploads\/2023\/09\/fa4ce4ea-204e-4ca6-bb00-c936aea60fe4.jpeg?resize=150%2C150&amp;ssl=1 150w, https:\/\/i0.wp.com\/www.play-rugby.com\/wp-content\/uploads\/2023\/09\/fa4ce4ea-204e-4ca6-bb00-c936aea60fe4.jpeg?resize=768%2C768&amp;ssl=1 768w, https:\/\/i0.wp.com\/www.play-rugby.com\/wp-content\/uploads\/2023\/09\/fa4ce4ea-204e-4ca6-bb00-c936aea60fe4.jpeg?resize=600%2C600&amp;ssl=1 600w, https:\/\/i0.wp.com\/www.play-rugby.com\/wp-content\/uploads\/2023\/09\/fa4ce4ea-204e-4ca6-bb00-c936aea60fe4.jpeg?resize=100%2C100&amp;ssl=1 100w, https:\/\/i0.wp.com\/www.play-rugby.com\/wp-content\/uploads\/2023\/09\/fa4ce4ea-204e-4ca6-bb00-c936aea60fe4.jpeg?w=1000&amp;ssl=1 1000w\" sizes=\"auto, (max-width: 300px) 100vw, 300px\" data-recalc-dims=\"1\" \/><\/a><\/p>\r\n<p><strong>Welcome to Play Rugby<\/strong>, the brand that began in 2008 with board games and has since evolved into an equipment provider and event creator. Our passion for rugby is at the heart of everything we do, and we take pride in sharing this passion with everyone.<\/p>\r\n<p>During the World Cup, we are delighted to introduce you to our game, Play Rugby Memo: a unique experience that will allow you to play, share, and learn while having fun. Our goal is simple: to celebrate the World Cup and enable everyone to experience the excitement of this major rugby event.<\/p>\r\n<p>Whether you&#8217;re a long-time fan or a curious newcomer, Play Rugby invites you to join our passionate community and explore the world of rugby in a fun and engaging way. Get ready to create unforgettable moments, enhance your skills, and make great memories.<\/p>\r\n<p>We are proud of our commitment to making rugby accessible to all, and we hope you will join us on this journey. Join us today, and together, let&#8217;s aim for the ultimate victory: the World Cup.<\/p>\r\n<p><a href=\"https:\/\/i0.wp.com\/play-rugby.com\/wp-content\/uploads\/2023\/09\/2a8eab4a-b0f6-4b5b-a3cb-323ba6037c99.jpeg\"><img loading=\"lazy\" decoding=\"async\" data-attachment-id=\"293\" data-permalink=\"https:\/\/www.play-rugby.com\/index.php\/home\/2a8eab4a-b0f6-4b5b-a3cb-323ba6037c99\/\" data-orig-file=\"https:\/\/i0.wp.com\/www.play-rugby.com\/wp-content\/uploads\/2023\/09\/2a8eab4a-b0f6-4b5b-a3cb-323ba6037c99.jpeg?fit=1000%2C1000&amp;ssl=1\" data-orig-size=\"1000,1000\" data-comments-opened=\"1\" data-image-meta=\"{&quot;aperture&quot;:&quot;0&quot;,&quot;credit&quot;:&quot;&quot;,&quot;camera&quot;:&quot;&quot;,&quot;caption&quot;:&quot;&quot;,&quot;created_timestamp&quot;:&quot;0&quot;,&quot;copyright&quot;:&quot;&quot;,&quot;focal_length&quot;:&quot;0&quot;,&quot;iso&quot;:&quot;0&quot;,&quot;shutter_speed&quot;:&quot;0&quot;,&quot;title&quot;:&quot;&quot;,&quot;orientation&quot;:&quot;0&quot;}\" data-image-title=\"2a8eab4a-b0f6-4b5b-a3cb-323ba6037c99\" data-image-description=\"\" data-image-caption=\"\" data-medium-file=\"https:\/\/i0.wp.com\/www.play-rugby.com\/wp-content\/uploads\/2023\/09\/2a8eab4a-b0f6-4b5b-a3cb-323ba6037c99.jpeg?fit=300%2C300&amp;ssl=1\" data-large-file=\"https:\/\/i0.wp.com\/www.play-rugby.com\/wp-content\/uploads\/2023\/09\/2a8eab4a-b0f6-4b5b-a3cb-323ba6037c99.jpeg?fit=910%2C910&amp;ssl=1\" class=\"aligncenter size-medium wp-image-293\" src=\"https:\/\/i0.wp.com\/play-rugby.com\/wp-content\/uploads\/2023\/09\/2a8eab4a-b0f6-4b5b-a3cb-323ba6037c99-300x300.jpeg?resize=300%2C300\" alt=\"\" width=\"300\" height=\"300\" srcset=\"https:\/\/i0.wp.com\/www.play-rugby.com\/wp-content\/uploads\/2023\/09\/2a8eab4a-b0f6-4b5b-a3cb-323ba6037c99.jpeg?resize=300%2C300&amp;ssl=1 300w, https:\/\/i0.wp.com\/www.play-rugby.com\/wp-content\/uploads\/2023\/09\/2a8eab4a-b0f6-4b5b-a3cb-323ba6037c99.jpeg?resize=150%2C150&amp;ssl=1 150w, https:\/\/i0.wp.com\/www.play-rugby.com\/wp-content\/uploads\/2023\/09\/2a8eab4a-b0f6-4b5b-a3cb-323ba6037c99.jpeg?resize=768%2C768&amp;ssl=1 768w, https:\/\/i0.wp.com\/www.play-rugby.com\/wp-content\/uploads\/2023\/09\/2a8eab4a-b0f6-4b5b-a3cb-323ba6037c99.jpeg?resize=600%2C600&amp;ssl=1 600w, https:\/\/i0.wp.com\/www.play-rugby.com\/wp-content\/uploads\/2023\/09\/2a8eab4a-b0f6-4b5b-a3cb-323ba6037c99.jpeg?resize=100%2C100&amp;ssl=1 100w, https:\/\/i0.wp.com\/www.play-rugby.com\/wp-content\/uploads\/2023\/09\/2a8eab4a-b0f6-4b5b-a3cb-323ba6037c99.jpeg?w=1000&amp;ssl=1 1000w\" sizes=\"auto, (max-width: 300px) 100vw, 300px\" data-recalc-dims=\"1\" \/><\/a><\/p>\r\n<\/div><\/div><\/div>\r\n<p>&nbsp;<\/p>\r\n","protected":false},"excerpt":{"rendered":"<p>&nbsp;<\/p>\n","protected":false},"author":2,"featured_media":0,"parent":0,"menu_order":0,"comment_status":"closed","ping_status":"closed","template":"templates\/template-fullwidth.php","meta":{"jetpack_post_was_ever_published":false,"footnotes":""},"class_list":["post-13","page","type-page","status-publish","hentry","comments-off"],"_links":{"self":[{"href":"https:\/\/www.play-rugby.com\/index.php\/wp-json\/wp\/v2\/pages\/13","targetHints":{"allow":["GET"]}}],"collection":[{"href":"https:\/\/www.play-rugby.com\/index.php\/wp-json\/wp\/v2\/pages"}],"about":[{"href":"https:\/\/www.play-rugby.com\/index.php\/wp-json\/wp\/v2\/types\/page"}],"author":[{"embeddable":true,"href":"https:\/\/www.play-rugby.com\/index.php\/wp-json\/wp\/v2\/users\/2"}],"replies":[{"embeddable":true,"href":"https:\/\/www.play-rugby.com\/index.php\/wp-json\/wp\/v2\/comments?post=13"}],"version-history":[{"count":51,"href":"https:\/\/www.play-rugby.com\/index.php\/wp-json\/wp\/v2\/pages\/13\/revisions"}],"predecessor-version":[{"id":636,"href":"https:\/\/www.play-rugby.com\/index.php\/wp-json\/wp\/v2\/pages\/13\/revisions\/636"}],"wp:attachment":[{"href":"https:\/\/www.play-rugby.com\/index.php\/wp-json\/wp\/v2\/media?parent=13"}],"curies":[{"name":"wp","href":"https:\/\/api.w.org\/{rel}","templated":true}]}}