
{"id":129,"date":"2023-07-14T17:14:43","date_gmt":"2023-07-14T15:14:43","guid":{"rendered":"http:\/\/play-rugby.com\/?page_id=129"},"modified":"2023-09-28T17:32:19","modified_gmt":"2023-09-28T15:32:19","slug":"ambassadeurs","status":"publish","type":"page","link":"https:\/\/www.play-rugby.com\/index.php\/ambassadeurs\/","title":{"rendered":"Nos Ambassadeurs"},"content":{"rendered":"\r\n<p>Afin de d\u00e9velopper le sport \u00e0 l\u2019international et de transmettre ses valeurs, le groupe Play Sports s\u2019entoure de sportifs et sportives dans diff\u00e9rentes pratiques.<\/p>\r\n\r\n\r\n\r\n<p>Ces diff\u00e9rents acteurs du sport partagent notre vision et nos valeurs et c\u2019est pour cela qu\u2019ils sont mis en avant dans nos diff\u00e9rents projets.<\/p>\r\n\r\n\r\n\r\n<p>Ils participent activement \u00e0 nos diff\u00e9rentes formations, \u00e9v\u00e9nements et m\u00eame au d\u00e9veloppement de nouvelles gammes de produits.<\/p>\r\n\r\n\r\n\r\n<div class=\"wp-block-jetpack-slideshow aligncenter\" data-autoplay=\"true\" data-delay=\"3\" data-effect=\"fade\">\r\n<div class=\"wp-block-jetpack-slideshow_container swiper-container\">\r\n<ul class=\"wp-block-jetpack-slideshow_swiper-wrapper swiper-wrapper\">\r\n<li class=\"wp-block-jetpack-slideshow_slide swiper-slide\">\r\n<figure><img loading=\"lazy\" decoding=\"async\" width=\"581\" height=\"586\" class=\"wp-block-jetpack-slideshow_image wp-image-218\" src=\"https:\/\/i0.wp.com\/play-rugby.com\/wp-content\/uploads\/2023\/07\/Screenshot-2023-07-26-155120.png?resize=581%2C586\" alt=\"\" data-id=\"218\" srcset=\"https:\/\/i0.wp.com\/www.play-rugby.com\/wp-content\/uploads\/2023\/07\/Screenshot-2023-07-26-155120.png?w=581&amp;ssl=1 581w, https:\/\/i0.wp.com\/www.play-rugby.com\/wp-content\/uploads\/2023\/07\/Screenshot-2023-07-26-155120.png?resize=150%2C150&amp;ssl=1 150w, https:\/\/i0.wp.com\/www.play-rugby.com\/wp-content\/uploads\/2023\/07\/Screenshot-2023-07-26-155120.png?resize=297%2C300&amp;ssl=1 297w, https:\/\/i0.wp.com\/www.play-rugby.com\/wp-content\/uploads\/2023\/07\/Screenshot-2023-07-26-155120.png?resize=100%2C100&amp;ssl=1 100w\" sizes=\"auto, (max-width: 581px) 100vw, 581px\" data-recalc-dims=\"1\" \/><\/figure>\r\n<\/li>\r\n<li class=\"wp-block-jetpack-slideshow_slide swiper-slide\">\r\n<figure><img loading=\"lazy\" decoding=\"async\" width=\"591\" height=\"596\" class=\"wp-block-jetpack-slideshow_image wp-image-219\" src=\"https:\/\/i0.wp.com\/play-rugby.com\/wp-content\/uploads\/2023\/07\/Screenshot-2023-07-26-155127.png?resize=591%2C596\" alt=\"\" data-id=\"219\" srcset=\"https:\/\/i0.wp.com\/www.play-rugby.com\/wp-content\/uploads\/2023\/07\/Screenshot-2023-07-26-155127.png?w=591&amp;ssl=1 591w, https:\/\/i0.wp.com\/www.play-rugby.com\/wp-content\/uploads\/2023\/07\/Screenshot-2023-07-26-155127.png?resize=150%2C150&amp;ssl=1 150w, https:\/\/i0.wp.com\/www.play-rugby.com\/wp-content\/uploads\/2023\/07\/Screenshot-2023-07-26-155127.png?resize=297%2C300&amp;ssl=1 297w, https:\/\/i0.wp.com\/www.play-rugby.com\/wp-content\/uploads\/2023\/07\/Screenshot-2023-07-26-155127.png?resize=100%2C100&amp;ssl=1 100w\" sizes=\"auto, (max-width: 591px) 100vw, 591px\" data-recalc-dims=\"1\" \/><\/figure>\r\n<\/li>\r\n<li class=\"wp-block-jetpack-slideshow_slide swiper-slide\">\r\n<figure><img loading=\"lazy\" decoding=\"async\" width=\"592\" height=\"594\" class=\"wp-block-jetpack-slideshow_image wp-image-220\" src=\"https:\/\/i0.wp.com\/play-rugby.com\/wp-content\/uploads\/2023\/07\/Screenshot-2023-07-26-155132.png?resize=592%2C594\" alt=\"\" data-id=\"220\" srcset=\"https:\/\/i0.wp.com\/www.play-rugby.com\/wp-content\/uploads\/2023\/07\/Screenshot-2023-07-26-155132.png?w=592&amp;ssl=1 592w, https:\/\/i0.wp.com\/www.play-rugby.com\/wp-content\/uploads\/2023\/07\/Screenshot-2023-07-26-155132.png?resize=150%2C150&amp;ssl=1 150w, https:\/\/i0.wp.com\/www.play-rugby.com\/wp-content\/uploads\/2023\/07\/Screenshot-2023-07-26-155132.png?resize=300%2C300&amp;ssl=1 300w, https:\/\/i0.wp.com\/www.play-rugby.com\/wp-content\/uploads\/2023\/07\/Screenshot-2023-07-26-155132.png?resize=100%2C100&amp;ssl=1 100w\" sizes=\"auto, (max-width: 592px) 100vw, 592px\" data-recalc-dims=\"1\" \/><\/figure>\r\n<\/li>\r\n<li class=\"wp-block-jetpack-slideshow_slide swiper-slide\">\r\n<figure><img loading=\"lazy\" decoding=\"async\" width=\"587\" height=\"593\" class=\"wp-block-jetpack-slideshow_image wp-image-221\" src=\"https:\/\/i0.wp.com\/play-rugby.com\/wp-content\/uploads\/2023\/07\/Screenshot-2023-07-26-155138.png?resize=587%2C593\" alt=\"\" data-id=\"221\" srcset=\"https:\/\/i0.wp.com\/www.play-rugby.com\/wp-content\/uploads\/2023\/07\/Screenshot-2023-07-26-155138.png?w=587&amp;ssl=1 587w, https:\/\/i0.wp.com\/www.play-rugby.com\/wp-content\/uploads\/2023\/07\/Screenshot-2023-07-26-155138.png?resize=297%2C300&amp;ssl=1 297w, https:\/\/i0.wp.com\/www.play-rugby.com\/wp-content\/uploads\/2023\/07\/Screenshot-2023-07-26-155138.png?resize=100%2C100&amp;ssl=1 100w\" sizes=\"auto, (max-width: 587px) 100vw, 587px\" data-recalc-dims=\"1\" \/><\/figure>\r\n<\/li>\r\n<li class=\"wp-block-jetpack-slideshow_slide swiper-slide\">\r\n<figure><img loading=\"lazy\" decoding=\"async\" width=\"588\" height=\"595\" class=\"wp-block-jetpack-slideshow_image wp-image-222\" src=\"https:\/\/i0.wp.com\/play-rugby.com\/wp-content\/uploads\/2023\/07\/Screenshot-2023-07-26-155145.png?resize=588%2C595\" alt=\"\" data-id=\"222\" srcset=\"https:\/\/i0.wp.com\/www.play-rugby.com\/wp-content\/uploads\/2023\/07\/Screenshot-2023-07-26-155145.png?w=588&amp;ssl=1 588w, https:\/\/i0.wp.com\/www.play-rugby.com\/wp-content\/uploads\/2023\/07\/Screenshot-2023-07-26-155145.png?resize=296%2C300&amp;ssl=1 296w, https:\/\/i0.wp.com\/www.play-rugby.com\/wp-content\/uploads\/2023\/07\/Screenshot-2023-07-26-155145.png?resize=100%2C100&amp;ssl=1 100w\" sizes=\"auto, (max-width: 588px) 100vw, 588px\" data-recalc-dims=\"1\" \/><\/figure>\r\n<\/li>\r\n<li class=\"wp-block-jetpack-slideshow_slide swiper-slide\">\r\n<figure><img loading=\"lazy\" decoding=\"async\" width=\"589\" height=\"593\" class=\"wp-block-jetpack-slideshow_image wp-image-223\" src=\"https:\/\/i0.wp.com\/play-rugby.com\/wp-content\/uploads\/2023\/07\/Screenshot-2023-07-26-155150.png?resize=589%2C593\" alt=\"\" data-id=\"223\" srcset=\"https:\/\/i0.wp.com\/www.play-rugby.com\/wp-content\/uploads\/2023\/07\/Screenshot-2023-07-26-155150.png?w=589&amp;ssl=1 589w, https:\/\/i0.wp.com\/www.play-rugby.com\/wp-content\/uploads\/2023\/07\/Screenshot-2023-07-26-155150.png?resize=150%2C150&amp;ssl=1 150w, https:\/\/i0.wp.com\/www.play-rugby.com\/wp-content\/uploads\/2023\/07\/Screenshot-2023-07-26-155150.png?resize=298%2C300&amp;ssl=1 298w, https:\/\/i0.wp.com\/www.play-rugby.com\/wp-content\/uploads\/2023\/07\/Screenshot-2023-07-26-155150.png?resize=100%2C100&amp;ssl=1 100w\" sizes=\"auto, (max-width: 589px) 100vw, 589px\" data-recalc-dims=\"1\" \/><\/figure>\r\n<\/li>\r\n<\/ul>\r\n<div class=\"wp-block-jetpack-slideshow_pagination swiper-pagination swiper-pagination-white\">\u00a0<\/div>\r\n<\/div>\r\n<\/div>\r\n\r\n<div class=\"su-divider su-divider-style-dotted\" style=\"margin:30px 0;border-width:6px;border-color:#999999\"><a href=\"#\" style=\"color:#999999\">Go to top<\/a><\/div>\r\n<h3><img loading=\"lazy\" decoding=\"async\" class=\"alignright\" src=\"https:\/\/i0.wp.com\/play-sports.world\/wp-content\/uploads\/2022\/07\/1.-FANNY-HORTA.jpg?resize=349%2C349&#038;ssl=1\" alt=\"1.--FANNY-HORTA\" width=\"349\" height=\"349\" data-recalc-dims=\"1\" \/>FANNY HORTA<\/h3>\r\n<p>Fanny Horta <img loading=\"lazy\" decoding=\"async\" src=\"https:\/\/static.xx.fbcdn.net\/images\/emoji.php\/v9\/t6c\/1\/16\/1f4aa.png\" alt=\"\ud83d\udcaa\" width=\"16\" height=\"16\" \/> Ambassadrice Play Sports<\/p>\r\n<p>L&#8217;ancienne joueuse internationale fran\u00e7aise de rugby \u00e0 7, fait partie de nos ambassadeurs Play Sports <img loading=\"lazy\" decoding=\"async\" src=\"https:\/\/static.xx.fbcdn.net\/images\/emoji.php\/v9\/t41\/1\/16\/1f3c9.png\" alt=\"\ud83c\udfc9\" width=\"16\" height=\"16\" \/><\/p>\r\n<p>Elle a d\u00e9sormais raccroch\u00e9 les crampons en 2021,- M\u00e9daille d&#8217;argent aux Jeux olympique d&#8217;\u00e9t\u00e9 de 2020- 2\u00e8m\u00e8 \u00e0 la coupe de monde de rugby \u00e0 7 en 2018Fanny continue de s&#8217;investir dans le sport en soutenant et en donnant de son temps \u00e0 notre projet !<\/p>\r\n<p>Son r\u00f4le est de participer \u00e0 l\u2019apprentissage du sport et \u00e0 sa meilleure compr\u00e9hension au travers du jeu !<\/p>\r\n<div class=\"su-divider su-divider-style-dotted\" style=\"margin:30px 0;border-width:6px;border-color:#999999\"><a href=\"#\" style=\"color:#999999\">Go to top<\/a><\/div>\r\n<h3><img loading=\"lazy\" decoding=\"async\" class=\"alignleft\" src=\"https:\/\/i0.wp.com\/play-sports.world\/wp-content\/uploads\/2022\/07\/AMBASSADEUR-SHALVA-SUTIASHVILI.jpg?resize=350%2C350&#038;ssl=1\" alt=\"AMBASSADEUR - SHALVA SUTIASHVILI\" width=\"350\" height=\"350\" data-recalc-dims=\"1\" \/>SHALVA SUTIASHVILI<\/h3>\r\n<p>Shalva Sutiashvili <a tabindex=\"0\" role=\"link\" href=\"https:\/\/www.facebook.com\/SutiPower?__cft__[0]=AZVFIz0ZvML8MFEhTPGAzMyTuUB2v93e5CHDToGunQGXu7r3Qlk2D-PH57rlqMmPtQ41b0D8fndvZl7O_6r1gvetZA4rt23TWeM1om5IXqPtlGnTjF-9TEyurFxyQIKyIrPgwO7u3c-ikcytDRoWSVDr7REHLNK6k4mDJPluNHRg-zA8UFJsJiIZOrgiW_QKqwM&amp;__tn__=-]K-R\">Suti Power<\/a> <img loading=\"lazy\" decoding=\"async\" src=\"https:\/\/static.xx.fbcdn.net\/images\/emoji.php\/v9\/t6c\/1\/16\/1f4aa.png\" alt=\"\ud83d\udcaa\" width=\"16\" height=\"16\" \/> Ambassadeur Play Sports<\/p>\r\n<p>L&#8217;ancien joueur international g\u00e9orgien de rugby \u00e0 XV, fait partie des ambassadeurs Play Sports <img loading=\"lazy\" decoding=\"async\" src=\"https:\/\/static.xx.fbcdn.net\/images\/emoji.php\/v9\/t41\/1\/16\/1f3c9.png\" alt=\"\ud83c\udfc9\" width=\"16\" height=\"16\" \/>Apr\u00e8s plusieurs coupes du monde et s\u00e9lections en \u00e9quipe G\u00e9orgienne, il a d\u00e9sormais raccroch\u00e9 les crampons en 2022, mais continue de promouvoir le sport \u00e0 travers notre projet auquel il participe et qu&#8217;il supporte !<\/p>\r\n<p>Son r\u00f4le est de participer \u00e0 l\u2019apprentissage d\u2019un sport avant, pendant ou apr\u00e8s la pratique au travers du jeu !<\/p>\r\n<div class=\"su-divider su-divider-style-dotted\" style=\"margin:30px 0;border-width:6px;border-color:#999999\"><a href=\"#\" style=\"color:#999999\">Go to top<\/a><\/div>\r\n<h3><img loading=\"lazy\" decoding=\"async\" class=\"alignright\" src=\"https:\/\/i0.wp.com\/play-sports.world\/wp-content\/uploads\/2022\/07\/AMBASSADEUR-COUMBA-DIALLO.jpg?resize=351%2C351&#038;ssl=1\" alt=\"AMBASSADEUR - COUMBA DIALLO\" width=\"351\" height=\"351\" data-recalc-dims=\"1\" \/>COUMBA DIALLO<\/h3>\r\n<p>Coumba Diallo <img loading=\"lazy\" decoding=\"async\" src=\"https:\/\/static.xx.fbcdn.net\/images\/emoji.php\/v9\/t6c\/1\/16\/1f4aa.png\" alt=\"\ud83d\udcaa\" width=\"16\" height=\"16\" \/>Ambassadrice Play Sports<\/p>\r\n<p>La joueuse du Stade fran\u00e7ais Paris de rugby \u00e0 XV, fait partie des ambassadeurs Play Sports <img loading=\"lazy\" decoding=\"async\" src=\"https:\/\/static.xx.fbcdn.net\/images\/emoji.php\/v9\/t41\/1\/16\/1f3c9.png\" alt=\"\ud83c\udfc9\" width=\"16\" height=\"16\" \/>Elle a mis un terme \u00e0 sa carri\u00e8re internationale en 2022 mais continue de d\u00e9mocratiser le sport en participant et en accordant de son temps \u00e0 notre projet !<\/p>\r\n<p>Vainqueur du Grand Chelem avec l&#8217;\u00e9quipe de France en 2014- 3\u00e8me de la coupe du monde en 2014 &#8211; Oscar de la meilleure joueuse fran\u00e7aise en 2016 \u00a0 (Oscars du Midi Olympique).<\/p>\r\n<p>Son r\u00f4le est de participer \u00e0 l\u2019apprentissage du rugby et \u00e0 sa meilleure compr\u00e9hension au travers du jeu !<\/p>\r\n<div class=\"su-divider su-divider-style-dotted\" style=\"margin:30px 0;border-width:6px;border-color:#999999\"><a href=\"#\" style=\"color:#999999\">Go to top<\/a><\/div>\r\n<h3><img loading=\"lazy\" decoding=\"async\" class=\"alignleft\" src=\"https:\/\/i0.wp.com\/play-sports.world\/wp-content\/uploads\/2022\/07\/4.-JEREMY-AICARDI.jpg?resize=351%2C351&#038;ssl=1\" alt=\"4.-JEREMY-AICARDI\" width=\"351\" height=\"351\" data-recalc-dims=\"1\" \/>JEREMY AICARDI<\/h3>\r\n<p>J\u00e9r\u00e9my Aicardi <img loading=\"lazy\" decoding=\"async\" src=\"https:\/\/static.xx.fbcdn.net\/images\/emoji.php\/v9\/t6c\/1\/16\/1f4aa.png\" alt=\"\ud83d\udcaa\" width=\"16\" height=\"16\" \/> Ambassadeur Play Sports<\/p>\r\n<p>L&#8217;ancien joueur international fran\u00e7ais de rugby \u00e0 7, fait partie des ambassadeurs Play Sports <img loading=\"lazy\" decoding=\"async\" src=\"https:\/\/static.xx.fbcdn.net\/images\/emoji.php\/v9\/t41\/1\/16\/1f3c9.png\" alt=\"\ud83c\udfc9\" width=\"16\" height=\"16\" \/>il participe au jeux olympiques avec l&#8217;\u00e9quipe de France, il a d\u00e9sormais raccroch\u00e9 les crampons.Troisi\u00e8me au Tournoi de rugby \u00e0 7 de Duba\u00ef en 2015.<\/p>\r\n<p>Troisi\u00e8me au Tournoi de rugby \u00e0 7 de France en 2016.Vainqueur du Seven&#8217;s Grand Prix Series en 2014 et 2015.\u00a0\u00c0 l&#8217;automne 2019 il prend en charge l&#8217;\u00e9quipe de Belgique \u00e0 7 en tant qu&#8217;entraineur. En ao\u00fbt 2021, il est nomm\u00e9 entra\u00eeneur en chef du Monaco rugby sevens.<\/p>\r\n<p>En 2022 Monaco s&#8217;est adjug\u00e9\u00a0 le titre de champion de France de rugby \u00e0 7 en remportant la finale de l&#8217;InExtenso SuperSevens face \u00e0 Pau (24-14) mais continue de promouvoir le sport \u00e0 travers notre projet auquel il participe et qu&#8217;il supporte !<\/p>\r\n<p>Son r\u00f4le est de participer \u00e0 l\u2019apprentissage du rugby \u00e0 7 avant, pendant ou apr\u00e8s la pratique au travers du jeu !<\/p>\r\n<div class=\"su-divider su-divider-style-dotted\" style=\"margin:30px 0;border-width:6px;border-color:#999999\"><a href=\"#\" style=\"color:#999999\">Go to top<\/a><\/div>\r\n<h3><img loading=\"lazy\" decoding=\"async\" class=\"alignright\" src=\"https:\/\/i0.wp.com\/play-sports.world\/wp-content\/uploads\/2022\/07\/6.-ADIS-TOPALOVIC.jpg?resize=350%2C350&#038;ssl=1\" alt=\"6.-ADIS-TOPALOVIC\" width=\"350\" height=\"350\" data-recalc-dims=\"1\" \/>ADIS TOPALOVIC<\/h3>\r\n<p>Adis Topalovic <img loading=\"lazy\" decoding=\"async\" src=\"https:\/\/static.xx.fbcdn.net\/images\/emoji.php\/v9\/t6c\/1\/16\/1f4aa.png\" alt=\"\ud83d\udcaa\" width=\"16\" height=\"16\" \/> Ambassadeur Play Sports<\/p>\r\n<p>Joueur international\u00a0 Bosnie-Herz\u00e9govine de rugby \u00e0 XV, fait partie des ambassadeurs Play Sports <img loading=\"lazy\" decoding=\"async\" src=\"https:\/\/static.xx.fbcdn.net\/images\/emoji.php\/v9\/t41\/1\/16\/1f3c9.png\" alt=\"\ud83c\udfc9\" width=\"16\" height=\"16\" \/>Il \u00e9volue actuellement \u00e0 Annonay au poste de deuxi\u00e8me ligne.<\/p>\r\n<p>Son r\u00f4le est de participer \u00e0 l\u2019apprentissage du rugby avant, pendant ou apr\u00e8s la pratique au travers du jeu !<\/p>\r\n<div class=\"su-divider su-divider-style-dotted\" style=\"margin:30px 0;border-width:6px;border-color:#999999\"><a href=\"#\" style=\"color:#999999\">Go to top<\/a><\/div>\r\n<h3><img loading=\"lazy\" decoding=\"async\" class=\"alignleft\" src=\"https:\/\/i0.wp.com\/play-sports.world\/wp-content\/uploads\/2022\/07\/AMBASSADEUR-ASSA-KOITA.jpg?resize=351%2C351&#038;ssl=1\" alt=\"AMBASSADEUR - ASSA KOITA\" width=\"351\" height=\"351\" data-recalc-dims=\"1\" \/>ASSA KOITA<\/h3>\r\n<p>Assa Koita <img loading=\"lazy\" decoding=\"async\" src=\"https:\/\/static.xx.fbcdn.net\/images\/emoji.php\/v9\/t6c\/1\/16\/1f4aa.png\" alt=\"\ud83d\udcaa\" width=\"16\" height=\"16\" \/>Ambassadrice Play Sports. L&#8217;ancienne joueuse internationale fran\u00e7aise du Stade fran\u00e7ais Paris de rugby \u00e0 XV, fait partie des ambassadeurs Play Sports <img loading=\"lazy\" decoding=\"async\" src=\"https:\/\/static.xx.fbcdn.net\/images\/emoji.php\/v9\/t41\/1\/16\/1f3c9.png\" alt=\"\ud83c\udfc9\" width=\"16\" height=\"16\" \/>Elle a mis un terme \u00e0 sa carri\u00e8re internationale en 2020.<\/p>\r\n<p>Assa a \u00ab exprim\u00e9 son ressenti, \u00e0 savoir que son choix de porter le voile aurait provoqu\u00e9 l\u2019arr\u00eat de sa carri\u00e8re \u00bb &#8211; Vainqueur du Grand Chelem avec l&#8217;\u00e9quipe de France en 2014- 3\u00e8me de la coupe du monde en 2014Assa d\u00e9mocratiser le sport en\u00a0 accordant de son temps \u00e0 notre projet.<\/p>\r\n<p>Son r\u00f4le est de participer \u00e0 l\u2019apprentissage du sport et \u00e0 sa meilleure compr\u00e9hension au travers du jeu !<\/p>\r\n<div class=\"su-divider su-divider-style-dotted\" style=\"margin:30px 0;border-width:6px;border-color:#999999\"><a href=\"#\" style=\"color:#999999\">Go to top<\/a><\/div>","protected":false},"excerpt":{"rendered":"<p>Afin de d\u00e9velopper le sport \u00e0 l\u2019international et de transmettre ses valeurs, le groupe Play Sports s\u2019entoure de sportifs et sportives dans diff\u00e9rentes pratiques. Ces diff\u00e9rents acteurs du sport partagent<\/p>\n","protected":false},"author":1,"featured_media":289,"parent":0,"menu_order":0,"comment_status":"closed","ping_status":"closed","template":"","meta":{"jetpack_post_was_ever_published":false,"footnotes":""},"class_list":["post-129","page","type-page","status-publish","has-post-thumbnail","hentry","comments-off"],"_links":{"self":[{"href":"https:\/\/www.play-rugby.com\/index.php\/wp-json\/wp\/v2\/pages\/129","targetHints":{"allow":["GET"]}}],"collection":[{"href":"https:\/\/www.play-rugby.com\/index.php\/wp-json\/wp\/v2\/pages"}],"about":[{"href":"https:\/\/www.play-rugby.com\/index.php\/wp-json\/wp\/v2\/types\/page"}],"author":[{"embeddable":true,"href":"https:\/\/www.play-rugby.com\/index.php\/wp-json\/wp\/v2\/users\/1"}],"replies":[{"embeddable":true,"href":"https:\/\/www.play-rugby.com\/index.php\/wp-json\/wp\/v2\/comments?post=129"}],"version-history":[{"count":14,"href":"https:\/\/www.play-rugby.com\/index.php\/wp-json\/wp\/v2\/pages\/129\/revisions"}],"predecessor-version":[{"id":292,"href":"https:\/\/www.play-rugby.com\/index.php\/wp-json\/wp\/v2\/pages\/129\/revisions\/292"}],"wp:featuredmedia":[{"embeddable":true,"href":"https:\/\/www.play-rugby.com\/index.php\/wp-json\/wp\/v2\/media\/289"}],"wp:attachment":[{"href":"https:\/\/www.play-rugby.com\/index.php\/wp-json\/wp\/v2\/media?parent=129"}],"curies":[{"name":"wp","href":"https:\/\/api.w.org\/{rel}","templated":true}]}}