
{"id":10,"date":"2023-06-23T13:54:58","date_gmt":"2023-06-23T11:54:58","guid":{"rendered":"http:\/\/play-rugby.com\/?page_id=10"},"modified":"2023-09-21T11:44:22","modified_gmt":"2023-09-21T09:44:22","slug":"contact","status":"publish","type":"page","link":"https:\/\/www.play-rugby.com\/index.php\/contact\/","title":{"rendered":"Notre Aventure"},"content":{"rendered":"\r\n<p><strong>LE FONDATEUR DE PLAY-RUBGY<\/strong><\/p>\r\n<p><strong>Nicolas Fabre<\/strong> est un joueur de rugby qui a commenc\u00e9 \u00e0 jouer \u00e0 l&#8217;\u00e2ge de 16 ans au R.C. Brignoles dans le Var, en France. Il s&#8217;est form\u00e9 au R.C.H \u00e0 Hy\u00e8res et a \u00e9t\u00e9 s\u00e9lectionn\u00e9 pendant trois ans pour la r\u00e9gion PACA.<\/p>\r\n<p>Apr\u00e8s avoir int\u00e9gr\u00e9 le centre de formation du R.C.N.M \u00e0 Narbonne, alors qu&#8217;il r\u00e9alisait son r\u00eave en int\u00e9grant l&#8217;\u00e9quipe premi\u00e8re, il a \u00e9t\u00e9 hospitalis\u00e9 et contraint de rester en fauteuil roulant, puis de se reposer pendant 1 an en raison d&#8217;une blessure \u00e0 l&#8217;entra\u00eenement.<\/p>\r\n<p>\u00c0 la suite de cela, il a entam\u00e9 un long parcours de r\u00e9\u00e9ducation en passant par le CERS et a jou\u00e9 dans plusieurs clubs en France. En rejoignant l&#8217;A.J.R.A cr\u00e9\u00e9 par Morad Kellal, il a particip\u00e9 aux premiers matchs de l&#8217;histoire de la s\u00e9lection d&#8217;Alg\u00e9rie et a contribu\u00e9 au d\u00e9veloppement du rugby en Alg\u00e9rie en tant que formateur.<\/p>\r\n<p>En plus de sa carri\u00e8re de joueur, il a travaill\u00e9 comme journaliste et a obtenu ses dipl\u00f4mes d&#8217;\u00c9ducateur et d&#8217;Entra\u00eeneur.<\/p>\r\n<p><strong>NAISSANCE DE PLAY-RUGBY<\/strong><\/p>\r\n<p>Il a cr\u00e9\u00e9 <strong>en 2008<\/strong> son propre jeu de plateau qui a pour but de favoriser l&#8217;apprentissage du rugby d\u00e8s le plus jeune \u00e2ge, de permettre \u00e0 tous les passionn\u00e9s, handicap\u00e9s ou valides, de jouer ensemble et d&#8217;\u00e9changer.<\/p>\r\n<p>En 2015, il a \u00e9t\u00e9 pr\u00e9sident du Rugby Club Centre Var pendant deux ans.<\/p>\r\n<p>Ses voyages professionnels lui ont permis de d\u00e9couvrir de nombreux pays en Europe, en Am\u00e9rique du Nord et en Afrique.<\/p>\r\n<p>L&#8217;aventure continue et l&#8217;\u00e9quipe s&#8217;agrandit chaque jour.<\/p>\r\n<h2 class=\"wp-block-heading\" style=\"text-align: center;\">\u00a0<\/h2>\r\n","protected":false},"excerpt":{"rendered":"<p>LE FONDATEUR DE PLAY-RUBGY Nicolas Fabre est un joueur de rugby qui a commenc\u00e9 \u00e0 jouer \u00e0 l&#8217;\u00e2ge de 16 ans au R.C. Brignoles dans le Var, en France. Il<\/p>\n","protected":false},"author":2,"featured_media":273,"parent":0,"menu_order":0,"comment_status":"closed","ping_status":"closed","template":"","meta":{"jetpack_post_was_ever_published":false,"footnotes":""},"class_list":["post-10","page","type-page","status-publish","has-post-thumbnail","hentry","comments-off"],"_links":{"self":[{"href":"https:\/\/www.play-rugby.com\/index.php\/wp-json\/wp\/v2\/pages\/10","targetHints":{"allow":["GET"]}}],"collection":[{"href":"https:\/\/www.play-rugby.com\/index.php\/wp-json\/wp\/v2\/pages"}],"about":[{"href":"https:\/\/www.play-rugby.com\/index.php\/wp-json\/wp\/v2\/types\/page"}],"author":[{"embeddable":true,"href":"https:\/\/www.play-rugby.com\/index.php\/wp-json\/wp\/v2\/users\/2"}],"replies":[{"embeddable":true,"href":"https:\/\/www.play-rugby.com\/index.php\/wp-json\/wp\/v2\/comments?post=10"}],"version-history":[{"count":9,"href":"https:\/\/www.play-rugby.com\/index.php\/wp-json\/wp\/v2\/pages\/10\/revisions"}],"predecessor-version":[{"id":205,"href":"https:\/\/www.play-rugby.com\/index.php\/wp-json\/wp\/v2\/pages\/10\/revisions\/205"}],"wp:featuredmedia":[{"embeddable":true,"href":"https:\/\/www.play-rugby.com\/index.php\/wp-json\/wp\/v2\/media\/273"}],"wp:attachment":[{"href":"https:\/\/www.play-rugby.com\/index.php\/wp-json\/wp\/v2\/media?parent=10"}],"curies":[{"name":"wp","href":"https:\/\/api.w.org\/{rel}","templated":true}]}}